{"id":1916,"date":"2023-11-11T18:53:44","date_gmt":"2023-11-11T22:53:44","guid":{"rendered":"https:\/\/krichana.adv.br\/?post_type=product&#038;p=1916"},"modified":"2023-11-11T19:27:47","modified_gmt":"2023-11-11T23:27:47","slug":"administrativo","status":"publish","type":"product","link":"https:\/\/krichana.adv.br\/?product=administrativo","title":{"rendered":"Administrativo"},"content":{"rendered":"<p><strong>Atividades <\/strong><\/p>\n<ul>\n<li>Assessoria jur\u00eddica em neg\u00f3cios governamentais e relacionamentos com \u00f3rg\u00e3os p\u00fablicos; em especial, licita\u00e7\u00f5es, contratos administrativos, Parcerias P\u00fablico Privadas, estrutura\u00e7\u00e3o de programas de infraestrutura, concess\u00e3o e permiss\u00f5es de servi\u00e7os p\u00fablicos, bem como em processos de improbidade administrativa, crimes contra os entes p\u00fablicos (pessoas f\u00edsicas e jur\u00eddicas) e defesas junto aos tribunais de contas.<\/li>\n<li>Assessoria jur\u00eddica e o acompanhamento de investidores nacionais e internacionais em relacionamentos com os \u00f3rg\u00e3os p\u00fablicos no monitoramento e avalia\u00e7\u00e3o t\u00e9cnica de investimentos e oportunidades de neg\u00f3cios nos Munic\u00edpios, Estados e Uni\u00e3o Federal, assim como na an\u00e1lise dos aspectos pol\u00edticos e jur\u00eddicos em projetos de infraestrutura e financiamentos.<\/li>\n<li>Contrata\u00e7\u00f5es e licita\u00e7\u00f5es no \u00e2mbito do RDC, na estrutura\u00e7\u00e3o e negocia\u00e7\u00e3o de contratos de obras e de constru\u00e7\u00e3o em suas diversas modalidades, tais como EPC e EPCM, assim como na consultoria jur\u00eddica relacionada com fus\u00f5es e aquisi\u00e7\u00f5es, a execu\u00e7\u00e3o de <em>due diligence<\/em> regulat\u00f3ria e assessoria jur\u00eddica no processo de <em>valuation<\/em>.<\/li>\n<\/ul>\n","protected":false},"excerpt":{"rendered":"<p>O\u00a0<b>Direito Administrativo<\/b>\u00a0\u00e9 a esfera do\u00a0<b>Direito<\/b>\u00a0P\u00fablico Interno que, mediante regras e princ\u00edpios exclusivos, regulamenta o exerc\u00edcio da fun\u00e7\u00e3o\u00a0<b>administrativa<\/b>\u00a0que \u00e9 exercida por agentes p\u00fablicos, \u00f3rg\u00e3os p\u00fablicos, pessoas jur\u00eddicas de\u00a0<b>Direito<\/b>\u00a0P\u00fablico, em outras palavras, pela Administra\u00e7\u00e3o P\u00fablica.<\/p>\n","protected":false},"featured_media":1911,"comment_status":"open","ping_status":"closed","template":"","meta":{"_uag_custom_page_level_css":"","site-sidebar-layout":"default","site-content-layout":"default","ast-site-content-layout":"default","site-content-style":"default","site-sidebar-style":"default","ast-global-header-display":"","ast-banner-title-visibility":"","ast-main-header-display":"","ast-hfb-above-header-display":"","ast-hfb-below-header-display":"","ast-hfb-mobile-header-display":"","site-post-title":"","ast-breadcrumbs-content":"","ast-featured-img":"","footer-sml-layout":"","theme-transparent-header-meta":"default","adv-header-id-meta":"","stick-header-meta":"","header-above-stick-meta":"","header-main-stick-meta":"","header-below-stick-meta":"","astra-migrate-meta-layouts":"set","ast-page-background-enabled":"default","ast-page-background-meta":{"desktop":{"background-color":"","background-image":"","background-repeat":"repeat","background-position":"center center","background-size":"auto","background-attachment":"scroll","background-type":"","background-media":"","overlay-type":"","overlay-color":"","overlay-gradient":""},"tablet":{"background-color":"","background-image":"","background-repeat":"repeat","background-position":"center center","background-size":"auto","background-attachment":"scroll","background-type":"","background-media":"","overlay-type":"","overlay-color":"","overlay-gradient":""},"mobile":{"background-color":"","background-image":"","background-repeat":"repeat","background-position":"center center","background-size":"auto","background-attachment":"scroll","background-type":"","background-media":"","overlay-type":"","overlay-color":"","overlay-gradient":""}},"ast-content-background-meta":{"desktop":{"background-color":"var(--ast-global-color-5)","background-image":"","background-repeat":"repeat","background-position":"center center","background-size":"auto","background-attachment":"scroll","background-type":"","background-media":"","overlay-type":"","overlay-color":"","overlay-gradient":""},"tablet":{"background-color":"var(--ast-global-color-5)","background-image":"","background-repeat":"repeat","background-position":"center center","background-size":"auto","background-attachment":"scroll","background-type":"","background-media":"","overlay-type":"","overlay-color":"","overlay-gradient":""},"mobile":{"background-color":"var(--ast-global-color-5)","background-image":"","background-repeat":"repeat","background-position":"center center","background-size":"auto","background-attachment":"scroll","background-type":"","background-media":"","overlay-type":"","overlay-color":"","overlay-gradient":""}}},"product_cat":[21],"product_tag":[],"class_list":{"0":"post-1916","1":"product","2":"type-product","3":"status-publish","4":"has-post-thumbnail","6":"product_cat-direito","7":"desktop-align-left","8":"tablet-align-left","9":"mobile-align-left","11":"first","12":"instock","13":"featured","14":"virtual","15":"product-type-simple"},"uagb_featured_image_src":{"full":["https:\/\/krichana.adv.br\/wp-content\/uploads\/2019\/01\/direito-administrativo.jpeg",925,308,false],"thumbnail":["https:\/\/krichana.adv.br\/wp-content\/uploads\/2019\/01\/direito-administrativo-150x150.jpeg",150,150,true],"medium":["https:\/\/krichana.adv.br\/wp-content\/uploads\/2019\/01\/direito-administrativo-300x100.jpeg",300,100,true],"medium_large":["https:\/\/krichana.adv.br\/wp-content\/uploads\/2019\/01\/direito-administrativo-768x256.jpeg",768,256,true],"large":["https:\/\/krichana.adv.br\/wp-content\/uploads\/2019\/01\/direito-administrativo.jpeg",925,308,false],"1536x1536":["https:\/\/krichana.adv.br\/wp-content\/uploads\/2019\/01\/direito-administrativo.jpeg",925,308,false],"2048x2048":["https:\/\/krichana.adv.br\/wp-content\/uploads\/2019\/01\/direito-administrativo.jpeg",925,308,false],"woocommerce_thumbnail":["https:\/\/krichana.adv.br\/wp-content\/uploads\/2019\/01\/direito-administrativo-300x300.jpeg",300,300,true],"woocommerce_single":["https:\/\/krichana.adv.br\/wp-content\/uploads\/2019\/01\/direito-administrativo-600x200.jpeg",600,200,true],"woocommerce_gallery_thumbnail":["https:\/\/krichana.adv.br\/wp-content\/uploads\/2019\/01\/direito-administrativo-100x100.jpeg",100,100,true]},"uagb_author_info":{"display_name":"Krichan\u00e3 Advocacia","author_link":"https:\/\/krichana.adv.br\/?author=0"},"uagb_comment_info":7,"uagb_excerpt":"O\u00a0Direito Administrativo\u00a0\u00e9 a esfera do\u00a0Direito\u00a0P\u00fablico Interno que, mediante regras e princ\u00edpios exclusivos, regulamenta o exerc\u00edcio da fun\u00e7\u00e3o\u00a0administrativa\u00a0que \u00e9 exercida por agentes p\u00fablicos, \u00f3rg\u00e3os p\u00fablicos, pessoas jur\u00eddicas de\u00a0Direito\u00a0P\u00fablico, em outras palavras, pela Administra\u00e7\u00e3o P\u00fablica.","_links":{"self":[{"href":"https:\/\/krichana.adv.br\/index.php?rest_route=\/wp\/v2\/product\/1916","targetHints":{"allow":["GET"]}}],"collection":[{"href":"https:\/\/krichana.adv.br\/index.php?rest_route=\/wp\/v2\/product"}],"about":[{"href":"https:\/\/krichana.adv.br\/index.php?rest_route=\/wp\/v2\/types\/product"}],"replies":[{"embeddable":true,"href":"https:\/\/krichana.adv.br\/index.php?rest_route=%2Fwp%2Fv2%2Fcomments&post=1916"}],"wp:featuredmedia":[{"embeddable":true,"href":"https:\/\/krichana.adv.br\/index.php?rest_route=\/wp\/v2\/media\/1911"}],"wp:attachment":[{"href":"https:\/\/krichana.adv.br\/index.php?rest_route=%2Fwp%2Fv2%2Fmedia&parent=1916"}],"wp:term":[{"taxonomy":"product_cat","embeddable":true,"href":"https:\/\/krichana.adv.br\/index.php?rest_route=%2Fwp%2Fv2%2Fproduct_cat&post=1916"},{"taxonomy":"product_tag","embeddable":true,"href":"https:\/\/krichana.adv.br\/index.php?rest_route=%2Fwp%2Fv2%2Fproduct_tag&post=1916"}],"curies":[{"name":"wp","href":"https:\/\/api.w.org\/{rel}","templated":true}]}}