{"id":1920,"date":"2023-11-11T19:33:37","date_gmt":"2023-11-11T23:33:37","guid":{"rendered":"https:\/\/krichana.adv.br\/?post_type=product&#038;p=1920"},"modified":"2023-11-11T19:33:49","modified_gmt":"2023-11-11T23:33:49","slug":"civel","status":"publish","type":"product","link":"https:\/\/krichana.adv.br\/?product=civel","title":{"rendered":"C\u00edvel"},"content":{"rendered":"<h3 class=\"wp-block-heading\">Contencioso C\u00edvel<\/h3>\n<p>O Contencioso C\u00edvel abrange a maioria dos problemas da vida cotidiana, em que geralmente se defendem os interesses das companhias, como contesta\u00e7\u00e3o de marcas e patentes, loca\u00e7\u00e3o, viola\u00e7\u00f5es de contrato, disputas entre s\u00f3cios, organiza\u00e7\u00e3o societ\u00e1ria, direito de posse, direito do consumidor, div\u00f3rcios, invent\u00e1rio, entre outros.<\/p>\n","protected":false},"excerpt":{"rendered":"<p><span class=\"ILfuVd\" lang=\"pt\"><span class=\"hgKElc\">O contencioso c\u00edvel \u00e9 um sistema de resolu\u00e7\u00e3o de conflitos utilizado no \u00e2mbito civil, abrangendo quest\u00f5es relacionadas a direitos, obriga\u00e7\u00f5es e responsabilidades das partes envolvidas.<\/span><\/span><\/p>\n","protected":false},"featured_media":1918,"comment_status":"open","ping_status":"closed","template":"","meta":{"_uag_custom_page_level_css":"","site-sidebar-layout":"default","site-content-layout":"default","ast-site-content-layout":"default","site-content-style":"default","site-sidebar-style":"default","ast-global-header-display":"","ast-banner-title-visibility":"","ast-main-header-display":"","ast-hfb-above-header-display":"","ast-hfb-below-header-display":"","ast-hfb-mobile-header-display":"","site-post-title":"","ast-breadcrumbs-content":"","ast-featured-img":"","footer-sml-layout":"","theme-transparent-header-meta":"default","adv-header-id-meta":"","stick-header-meta":"","header-above-stick-meta":"","header-main-stick-meta":"","header-below-stick-meta":"","astra-migrate-meta-layouts":"set","ast-page-background-enabled":"default","ast-page-background-meta":{"desktop":{"background-color":"","background-image":"","background-repeat":"repeat","background-position":"center center","background-size":"auto","background-attachment":"scroll","background-type":"","background-media":"","overlay-type":"","overlay-color":"","overlay-gradient":""},"tablet":{"background-color":"","background-image":"","background-repeat":"repeat","background-position":"center center","background-size":"auto","background-attachment":"scroll","background-type":"","background-media":"","overlay-type":"","overlay-color":"","overlay-gradient":""},"mobile":{"background-color":"","background-image":"","background-repeat":"repeat","background-position":"center center","background-size":"auto","background-attachment":"scroll","background-type":"","background-media":"","overlay-type":"","overlay-color":"","overlay-gradient":""}},"ast-content-background-meta":{"desktop":{"background-color":"var(--ast-global-color-5)","background-image":"","background-repeat":"repeat","background-position":"center center","background-size":"auto","background-attachment":"scroll","background-type":"","background-media":"","overlay-type":"","overlay-color":"","overlay-gradient":""},"tablet":{"background-color":"var(--ast-global-color-5)","background-image":"","background-repeat":"repeat","background-position":"center center","background-size":"auto","background-attachment":"scroll","background-type":"","background-media":"","overlay-type":"","overlay-color":"","overlay-gradient":""},"mobile":{"background-color":"var(--ast-global-color-5)","background-image":"","background-repeat":"repeat","background-position":"center center","background-size":"auto","background-attachment":"scroll","background-type":"","background-media":"","overlay-type":"","overlay-color":"","overlay-gradient":""}}},"product_cat":[23],"product_tag":[],"class_list":{"0":"post-1920","1":"product","2":"type-product","3":"status-publish","4":"has-post-thumbnail","6":"product_cat-contencioso","7":"desktop-align-left","8":"tablet-align-left","9":"mobile-align-left","11":"first","12":"instock","13":"featured","14":"virtual","15":"product-type-simple"},"uagb_featured_image_src":{"full":["https:\/\/krichana.adv.br\/wp-content\/uploads\/2019\/01\/direito-administrativo1481799262.webp",640,340,false],"thumbnail":["https:\/\/krichana.adv.br\/wp-content\/uploads\/2019\/01\/direito-administrativo1481799262-150x150.webp",150,150,true],"medium":["https:\/\/krichana.adv.br\/wp-content\/uploads\/2019\/01\/direito-administrativo1481799262-300x159.webp",300,159,true],"medium_large":["https:\/\/krichana.adv.br\/wp-content\/uploads\/2019\/01\/direito-administrativo1481799262.webp",640,340,false],"large":["https:\/\/krichana.adv.br\/wp-content\/uploads\/2019\/01\/direito-administrativo1481799262.webp",640,340,false],"1536x1536":["https:\/\/krichana.adv.br\/wp-content\/uploads\/2019\/01\/direito-administrativo1481799262.webp",640,340,false],"2048x2048":["https:\/\/krichana.adv.br\/wp-content\/uploads\/2019\/01\/direito-administrativo1481799262.webp",640,340,false],"woocommerce_thumbnail":["https:\/\/krichana.adv.br\/wp-content\/uploads\/2019\/01\/direito-administrativo1481799262-300x300.webp",300,300,true],"woocommerce_single":["https:\/\/krichana.adv.br\/wp-content\/uploads\/2019\/01\/direito-administrativo1481799262-600x319.webp",600,319,true],"woocommerce_gallery_thumbnail":["https:\/\/krichana.adv.br\/wp-content\/uploads\/2019\/01\/direito-administrativo1481799262-100x100.webp",100,100,true]},"uagb_author_info":{"display_name":"Krichan\u00e3 Advocacia","author_link":"https:\/\/krichana.adv.br\/?author=0"},"uagb_comment_info":2,"uagb_excerpt":"O contencioso c\u00edvel \u00e9 um sistema de resolu\u00e7\u00e3o de conflitos utilizado no \u00e2mbito civil, abrangendo quest\u00f5es relacionadas a direitos, obriga\u00e7\u00f5es e responsabilidades das partes envolvidas.","_links":{"self":[{"href":"https:\/\/krichana.adv.br\/index.php?rest_route=\/wp\/v2\/product\/1920","targetHints":{"allow":["GET"]}}],"collection":[{"href":"https:\/\/krichana.adv.br\/index.php?rest_route=\/wp\/v2\/product"}],"about":[{"href":"https:\/\/krichana.adv.br\/index.php?rest_route=\/wp\/v2\/types\/product"}],"replies":[{"embeddable":true,"href":"https:\/\/krichana.adv.br\/index.php?rest_route=%2Fwp%2Fv2%2Fcomments&post=1920"}],"wp:featuredmedia":[{"embeddable":true,"href":"https:\/\/krichana.adv.br\/index.php?rest_route=\/wp\/v2\/media\/1918"}],"wp:attachment":[{"href":"https:\/\/krichana.adv.br\/index.php?rest_route=%2Fwp%2Fv2%2Fmedia&parent=1920"}],"wp:term":[{"taxonomy":"product_cat","embeddable":true,"href":"https:\/\/krichana.adv.br\/index.php?rest_route=%2Fwp%2Fv2%2Fproduct_cat&post=1920"},{"taxonomy":"product_tag","embeddable":true,"href":"https:\/\/krichana.adv.br\/index.php?rest_route=%2Fwp%2Fv2%2Fproduct_tag&post=1920"}],"curies":[{"name":"wp","href":"https:\/\/api.w.org\/{rel}","templated":true}]}}