{"id":1923,"date":"2023-11-11T19:41:12","date_gmt":"2023-11-11T23:41:12","guid":{"rendered":"https:\/\/krichana.adv.br\/?post_type=product&#038;p=1923"},"modified":"2023-11-11T19:41:23","modified_gmt":"2023-11-11T23:41:23","slug":"trabalhista","status":"publish","type":"product","link":"https:\/\/krichana.adv.br\/?product=trabalhista","title":{"rendered":"Trabalhista"},"content":{"rendered":"<h3 class=\"wp-block-heading\">Contencioso Trabalhista<\/h3>\n<p>O contencioso trabalhista trata de quest\u00f5es voltadas a rela\u00e7\u00f5es de trabalho como contrata\u00e7\u00f5es, demiss\u00f5es, conflitos internos trabalhistas e terceiriza\u00e7\u00f5es. Assim, envolve em sua maioria processos judiciais e procedimentos administrativos, muitos dos quais abrem espa\u00e7o para solu\u00e7\u00f5es alternativas, como acordos e media\u00e7\u00f5es.<\/p>\n<p>Dentre os tipos de contencioso, os mais relevantes para uma empresa s\u00e3o o trabalhista e o administrativo. O administrativo \u00e9 de pouca incid\u00eancia e ser\u00e1 abordado de maneira sucinta, j\u00e1 o contencioso trabalhista \u00e9 a grande monta do departamento jur\u00eddico de uma empresa.<\/p>\n<p>Por isso, \u00e9 indispens\u00e1vel ter uma boa assessoria jur\u00eddica, que poder\u00e1 esclarecer todas as d\u00favidas relativas a esse campo. Continue a leitura e saiba um pouco mais sobre o que \u00e9 contencioso e os tipos incidentes em uma organiza\u00e7\u00e3o!<\/p>\n","protected":false},"excerpt":{"rendered":"<p>Como o pr\u00f3prio nome indica, o contencioso trabalhista\u00a0refere as quest\u00f5es trabalhistas e desemprego. Diz respeito as contrata\u00e7\u00f5es, como tamb\u00e9m as demiss\u00f5es, e as terceiriza\u00e7\u00f5es de servi\u00e7os.<\/p>\n","protected":false},"featured_media":1922,"comment_status":"open","ping_status":"closed","template":"","meta":{"_uag_custom_page_level_css":"","site-sidebar-layout":"default","site-content-layout":"default","ast-site-content-layout":"default","site-content-style":"default","site-sidebar-style":"default","ast-global-header-display":"","ast-banner-title-visibility":"","ast-main-header-display":"","ast-hfb-above-header-display":"","ast-hfb-below-header-display":"","ast-hfb-mobile-header-display":"","site-post-title":"","ast-breadcrumbs-content":"","ast-featured-img":"","footer-sml-layout":"","theme-transparent-header-meta":"default","adv-header-id-meta":"","stick-header-meta":"","header-above-stick-meta":"","header-main-stick-meta":"","header-below-stick-meta":"","astra-migrate-meta-layouts":"set","ast-page-background-enabled":"default","ast-page-background-meta":{"desktop":{"background-color":"","background-image":"","background-repeat":"repeat","background-position":"center center","background-size":"auto","background-attachment":"scroll","background-type":"","background-media":"","overlay-type":"","overlay-color":"","overlay-gradient":""},"tablet":{"background-color":"","background-image":"","background-repeat":"repeat","background-position":"center center","background-size":"auto","background-attachment":"scroll","background-type":"","background-media":"","overlay-type":"","overlay-color":"","overlay-gradient":""},"mobile":{"background-color":"","background-image":"","background-repeat":"repeat","background-position":"center center","background-size":"auto","background-attachment":"scroll","background-type":"","background-media":"","overlay-type":"","overlay-color":"","overlay-gradient":""}},"ast-content-background-meta":{"desktop":{"background-color":"var(--ast-global-color-5)","background-image":"","background-repeat":"repeat","background-position":"center center","background-size":"auto","background-attachment":"scroll","background-type":"","background-media":"","overlay-type":"","overlay-color":"","overlay-gradient":""},"tablet":{"background-color":"var(--ast-global-color-5)","background-image":"","background-repeat":"repeat","background-position":"center center","background-size":"auto","background-attachment":"scroll","background-type":"","background-media":"","overlay-type":"","overlay-color":"","overlay-gradient":""},"mobile":{"background-color":"var(--ast-global-color-5)","background-image":"","background-repeat":"repeat","background-position":"center center","background-size":"auto","background-attachment":"scroll","background-type":"","background-media":"","overlay-type":"","overlay-color":"","overlay-gradient":""}}},"product_cat":[23],"product_tag":[],"class_list":{"0":"post-1923","1":"product","2":"type-product","3":"status-publish","4":"has-post-thumbnail","6":"product_cat-contencioso","7":"desktop-align-left","8":"tablet-align-left","9":"mobile-align-left","11":"first","12":"instock","13":"featured","14":"virtual","15":"product-type-simple"},"uagb_featured_image_src":{"full":["https:\/\/krichana.adv.br\/wp-content\/uploads\/2019\/01\/entenda-tudo-sobre-direito-empresarial.jpg",2560,1706,false],"thumbnail":["https:\/\/krichana.adv.br\/wp-content\/uploads\/2019\/01\/entenda-tudo-sobre-direito-empresarial-150x150.jpg",150,150,true],"medium":["https:\/\/krichana.adv.br\/wp-content\/uploads\/2019\/01\/entenda-tudo-sobre-direito-empresarial-300x200.jpg",300,200,true],"medium_large":["https:\/\/krichana.adv.br\/wp-content\/uploads\/2019\/01\/entenda-tudo-sobre-direito-empresarial-768x512.jpg",768,512,true],"large":["https:\/\/krichana.adv.br\/wp-content\/uploads\/2019\/01\/entenda-tudo-sobre-direito-empresarial-1024x682.jpg",1024,682,true],"1536x1536":["https:\/\/krichana.adv.br\/wp-content\/uploads\/2019\/01\/entenda-tudo-sobre-direito-empresarial-1536x1024.jpg",1536,1024,true],"2048x2048":["https:\/\/krichana.adv.br\/wp-content\/uploads\/2019\/01\/entenda-tudo-sobre-direito-empresarial-2048x1365.jpg",2048,1365,true],"woocommerce_thumbnail":["https:\/\/krichana.adv.br\/wp-content\/uploads\/2019\/01\/entenda-tudo-sobre-direito-empresarial-300x300.jpg",300,300,true],"woocommerce_single":["https:\/\/krichana.adv.br\/wp-content\/uploads\/2019\/01\/entenda-tudo-sobre-direito-empresarial-600x400.jpg",600,400,true],"woocommerce_gallery_thumbnail":["https:\/\/krichana.adv.br\/wp-content\/uploads\/2019\/01\/entenda-tudo-sobre-direito-empresarial-100x100.jpg",100,100,true]},"uagb_author_info":{"display_name":"Krichan\u00e3 Advocacia","author_link":"https:\/\/krichana.adv.br\/?author=0"},"uagb_comment_info":0,"uagb_excerpt":"Como o pr\u00f3prio nome indica, o contencioso trabalhista\u00a0refere as quest\u00f5es trabalhistas e desemprego. Diz respeito as contrata\u00e7\u00f5es, como tamb\u00e9m as demiss\u00f5es, e as terceiriza\u00e7\u00f5es de servi\u00e7os.","_links":{"self":[{"href":"https:\/\/krichana.adv.br\/index.php?rest_route=\/wp\/v2\/product\/1923","targetHints":{"allow":["GET"]}}],"collection":[{"href":"https:\/\/krichana.adv.br\/index.php?rest_route=\/wp\/v2\/product"}],"about":[{"href":"https:\/\/krichana.adv.br\/index.php?rest_route=\/wp\/v2\/types\/product"}],"replies":[{"embeddable":true,"href":"https:\/\/krichana.adv.br\/index.php?rest_route=%2Fwp%2Fv2%2Fcomments&post=1923"}],"wp:featuredmedia":[{"embeddable":true,"href":"https:\/\/krichana.adv.br\/index.php?rest_route=\/wp\/v2\/media\/1922"}],"wp:attachment":[{"href":"https:\/\/krichana.adv.br\/index.php?rest_route=%2Fwp%2Fv2%2Fmedia&parent=1923"}],"wp:term":[{"taxonomy":"product_cat","embeddable":true,"href":"https:\/\/krichana.adv.br\/index.php?rest_route=%2Fwp%2Fv2%2Fproduct_cat&post=1923"},{"taxonomy":"product_tag","embeddable":true,"href":"https:\/\/krichana.adv.br\/index.php?rest_route=%2Fwp%2Fv2%2Fproduct_tag&post=1923"}],"curies":[{"name":"wp","href":"https:\/\/api.w.org\/{rel}","templated":true}]}}