{"id":1927,"date":"2023-11-11T19:50:37","date_gmt":"2023-11-11T23:50:37","guid":{"rendered":"https:\/\/krichana.adv.br\/?post_type=product&#038;p=1927"},"modified":"2023-11-11T19:53:01","modified_gmt":"2023-11-11T23:53:01","slug":"administrativo-2","status":"publish","type":"product","link":"https:\/\/krichana.adv.br\/?product=administrativo-2","title":{"rendered":"Administrativo"},"content":{"rendered":"<p>O contencioso administrativo\u00a0\u00e9 uma sub\u00e1rea que compreende os conflitos e disputas em que pelo menos uma parte \u00e9 um ente da Administra\u00e7\u00e3o P\u00fablica. Ademais, o contencioso administrativo se caracteriza por tramitar por vias administrativas \u2013 diferentes das vias judiciais tradicionais.<\/p>\n<p>Quanto ao contencioso administrativo empresarial, a assessoria torna-se um diferencial. \u00c9, muitas vezes, o ponto decisivo para uma empresa n\u00e3o ser multada por um fiscal do trabalho, nem ser autuada em crime ambiental. Tudo isso gra\u00e7as \u00e0 consultoria preventiva, que \u00e9 t\u00e3o importante quanto a judicial.<\/p>\n","protected":false},"excerpt":{"rendered":"<p>O contencioso administrativo \u00e9 o sistema que busca solucionar conflitos de ordem administrativa, de recursos humanos a receitas e tributos, cuja resolu\u00e7\u00e3o n\u00e3o ser\u00e1 discutida junto ao poder judici\u00e1rio.<\/p>\n<p>Algumas das quest\u00f5es mais comuns envolvem problemas com \u00f3rg\u00e3os como vigil\u00e2ncia sanit\u00e1ria, Procon, Receita Federal, Minist\u00e9rio do Trabalho, bombeiros, entre outras inst\u00e2ncias que podem gerar processos administrativos.<\/p>\n","protected":false},"featured_media":1926,"comment_status":"open","ping_status":"closed","template":"","meta":{"_uag_custom_page_level_css":"","site-sidebar-layout":"default","site-content-layout":"default","ast-site-content-layout":"default","site-content-style":"default","site-sidebar-style":"default","ast-global-header-display":"","ast-banner-title-visibility":"","ast-main-header-display":"","ast-hfb-above-header-display":"","ast-hfb-below-header-display":"","ast-hfb-mobile-header-display":"","site-post-title":"","ast-breadcrumbs-content":"","ast-featured-img":"","footer-sml-layout":"","theme-transparent-header-meta":"default","adv-header-id-meta":"","stick-header-meta":"","header-above-stick-meta":"","header-main-stick-meta":"","header-below-stick-meta":"","astra-migrate-meta-layouts":"set","ast-page-background-enabled":"default","ast-page-background-meta":{"desktop":{"background-color":"","background-image":"","background-repeat":"repeat","background-position":"center center","background-size":"auto","background-attachment":"scroll","background-type":"","background-media":"","overlay-type":"","overlay-color":"","overlay-gradient":""},"tablet":{"background-color":"","background-image":"","background-repeat":"repeat","background-position":"center center","background-size":"auto","background-attachment":"scroll","background-type":"","background-media":"","overlay-type":"","overlay-color":"","overlay-gradient":""},"mobile":{"background-color":"","background-image":"","background-repeat":"repeat","background-position":"center center","background-size":"auto","background-attachment":"scroll","background-type":"","background-media":"","overlay-type":"","overlay-color":"","overlay-gradient":""}},"ast-content-background-meta":{"desktop":{"background-color":"var(--ast-global-color-5)","background-image":"","background-repeat":"repeat","background-position":"center center","background-size":"auto","background-attachment":"scroll","background-type":"","background-media":"","overlay-type":"","overlay-color":"","overlay-gradient":""},"tablet":{"background-color":"var(--ast-global-color-5)","background-image":"","background-repeat":"repeat","background-position":"center center","background-size":"auto","background-attachment":"scroll","background-type":"","background-media":"","overlay-type":"","overlay-color":"","overlay-gradient":""},"mobile":{"background-color":"var(--ast-global-color-5)","background-image":"","background-repeat":"repeat","background-position":"center center","background-size":"auto","background-attachment":"scroll","background-type":"","background-media":"","overlay-type":"","overlay-color":"","overlay-gradient":""}}},"product_cat":[23],"product_tag":[],"class_list":{"0":"post-1927","1":"product","2":"type-product","3":"status-publish","4":"has-post-thumbnail","6":"product_cat-contencioso","7":"desktop-align-left","8":"tablet-align-left","9":"mobile-align-left","11":"first","12":"instock","13":"featured","14":"virtual","15":"product-type-simple"},"uagb_featured_image_src":{"full":["https:\/\/krichana.adv.br\/wp-content\/uploads\/2019\/01\/post_thumbnail-7abaa1af2f148d242406174c9955c79a.jpeg.webp",925,308,false],"thumbnail":["https:\/\/krichana.adv.br\/wp-content\/uploads\/2019\/01\/post_thumbnail-7abaa1af2f148d242406174c9955c79a.jpeg-150x150.webp",150,150,true],"medium":["https:\/\/krichana.adv.br\/wp-content\/uploads\/2019\/01\/post_thumbnail-7abaa1af2f148d242406174c9955c79a.jpeg-300x100.webp",300,100,true],"medium_large":["https:\/\/krichana.adv.br\/wp-content\/uploads\/2019\/01\/post_thumbnail-7abaa1af2f148d242406174c9955c79a.jpeg-768x256.webp",768,256,true],"large":["https:\/\/krichana.adv.br\/wp-content\/uploads\/2019\/01\/post_thumbnail-7abaa1af2f148d242406174c9955c79a.jpeg.webp",925,308,false],"1536x1536":["https:\/\/krichana.adv.br\/wp-content\/uploads\/2019\/01\/post_thumbnail-7abaa1af2f148d242406174c9955c79a.jpeg.webp",925,308,false],"2048x2048":["https:\/\/krichana.adv.br\/wp-content\/uploads\/2019\/01\/post_thumbnail-7abaa1af2f148d242406174c9955c79a.jpeg.webp",925,308,false],"woocommerce_thumbnail":["https:\/\/krichana.adv.br\/wp-content\/uploads\/2019\/01\/post_thumbnail-7abaa1af2f148d242406174c9955c79a.jpeg-300x300.webp",300,300,true],"woocommerce_single":["https:\/\/krichana.adv.br\/wp-content\/uploads\/2019\/01\/post_thumbnail-7abaa1af2f148d242406174c9955c79a.jpeg-600x200.webp",600,200,true],"woocommerce_gallery_thumbnail":["https:\/\/krichana.adv.br\/wp-content\/uploads\/2019\/01\/post_thumbnail-7abaa1af2f148d242406174c9955c79a.jpeg-100x100.webp",100,100,true]},"uagb_author_info":{"display_name":"Krichan\u00e3 Advocacia","author_link":"https:\/\/krichana.adv.br\/?author=0"},"uagb_comment_info":3,"uagb_excerpt":"O contencioso administrativo \u00e9 o sistema que busca solucionar conflitos de ordem administrativa, de recursos humanos a receitas e tributos, cuja resolu\u00e7\u00e3o n\u00e3o ser\u00e1 discutida junto ao poder judici\u00e1rio. Algumas das quest\u00f5es mais comuns envolvem problemas com \u00f3rg\u00e3os como vigil\u00e2ncia sanit\u00e1ria, Procon, Receita Federal, Minist\u00e9rio do Trabalho, bombeiros, entre outras inst\u00e2ncias que podem gerar processos&hellip;","_links":{"self":[{"href":"https:\/\/krichana.adv.br\/index.php?rest_route=\/wp\/v2\/product\/1927","targetHints":{"allow":["GET"]}}],"collection":[{"href":"https:\/\/krichana.adv.br\/index.php?rest_route=\/wp\/v2\/product"}],"about":[{"href":"https:\/\/krichana.adv.br\/index.php?rest_route=\/wp\/v2\/types\/product"}],"replies":[{"embeddable":true,"href":"https:\/\/krichana.adv.br\/index.php?rest_route=%2Fwp%2Fv2%2Fcomments&post=1927"}],"wp:featuredmedia":[{"embeddable":true,"href":"https:\/\/krichana.adv.br\/index.php?rest_route=\/wp\/v2\/media\/1926"}],"wp:attachment":[{"href":"https:\/\/krichana.adv.br\/index.php?rest_route=%2Fwp%2Fv2%2Fmedia&parent=1927"}],"wp:term":[{"taxonomy":"product_cat","embeddable":true,"href":"https:\/\/krichana.adv.br\/index.php?rest_route=%2Fwp%2Fv2%2Fproduct_cat&post=1927"},{"taxonomy":"product_tag","embeddable":true,"href":"https:\/\/krichana.adv.br\/index.php?rest_route=%2Fwp%2Fv2%2Fproduct_tag&post=1927"}],"curies":[{"name":"wp","href":"https:\/\/api.w.org\/{rel}","templated":true}]}}